{"id":3107,"date":"2024-07-04T18:40:23","date_gmt":"2024-07-04T18:40:23","guid":{"rendered":"https:\/\/mybotanika.de\/?page_id=3107"},"modified":"2026-02-04T20:21:47","modified_gmt":"2026-02-04T20:21:47","slug":"impressum","status":"publish","type":"page","link":"https:\/\/mybotanika.de\/en\/impressum\/","title":{"rendered":"Imprint"},"content":{"rendered":"<div data-elementor-type=\"wp-page\" data-elementor-id=\"3107\" class=\"elementor elementor-3107\">\n\t\t\t\t<div class=\"elementor-element elementor-element-eb9d7e4 e-flex e-con-boxed wpr-particle-no wpr-jarallax-no wpr-parallax-no wpr-sticky-section-no e-con e-parent\" data-id=\"eb9d7e4\" data-element_type=\"container\" data-e-type=\"container\">\n\t\t\t\t\t<div class=\"e-con-inner\">\n\t\t\t\t<div class=\"elementor-element elementor-element-8b124f6 elementor-widget elementor-widget-heading\" data-id=\"8b124f6\" data-element_type=\"widget\" data-e-type=\"widget\" data-widget_type=\"heading.default\">\n\t\t\t\t<div class=\"elementor-widget-container\">\n\t\t\t\t\t<h2 class=\"elementor-heading-title elementor-size-default\">Imprint<\/h2>\t\t\t\t<\/div>\n\t\t\t\t<\/div>\n\t\t\t\t<div class=\"elementor-element elementor-element-939055d elementor-widget elementor-widget-text-editor\" data-id=\"939055d\" data-element_type=\"widget\" data-e-type=\"widget\" data-no-translation=\"\" data-widget_type=\"text-editor.default\">\n\t\t\t\t<div class=\"elementor-widget-container\">\n\t\t\t\t\t<style>.elementor-element-939055d{display:none !important}<\/style>\t\t\t\t<\/div>\n\t\t\t\t<\/div>\n\t\t\t\t<div class=\"elementor-element elementor-element-8c0d401 elementor-widget elementor-widget-text-editor\" data-id=\"8c0d401\" data-element_type=\"widget\" data-e-type=\"widget\" data-no-translation=\"\" data-widget_type=\"text-editor.default\">\n\t\t\t\t<div class=\"elementor-widget-container\">\n\t\t\t\t\t\t\t\t\t<p>myBotanika<\/p><p>Krystian Kalinowski and Frank Bonk GbR.<br \/>Krummenhagener Str.20a<br \/>18442 Steinhagen<\/p><p>Phone: 01702411180<br \/>E-mail: info@mybotanika.de<\/p><p>Represented by:<br \/>Krystian Kalinowski and Frank Bonk<\/p><p>Note in accordance with the Online Dispute Resolution Regulation<br \/>Under applicable law, we are required to inform consumers of the existence of the European<br \/>online dispute resolution platform, which can be used for the settlement of disputes<br \/>without the need to involve a court. For the establishment of the platform, the<br \/>European Commission responsible. The European online dispute resolution platform can be found here:<br \/>http:\/\/ec.europa.eu\/odr. Our e-mail is: info@mybotanika.de<\/p><p>However, we would like to point out that we are not prepared to participate in dispute resolution proceedings under the<br \/>European online dispute resolution platform. To contact us, please use<br \/>our e-mail and telephone number above.<\/p><p><strong>Notice pursuant to the German Consumer Dispute Resolution Act (VSBG)<\/strong><br \/>We are not willing or obliged to participate in dispute resolution proceedings before a consumer arbitration board.<br \/>to participate.<\/p><p><strong>Disclaimer &#8211; legal information<\/strong><br \/><strong>\u00a7 1 Content warning<\/strong><br \/>The free and freely accessible content of this website has been created with the greatest possible care.<br \/>However, the provider of this website assumes no responsibility for the accuracy and timeliness of the<br \/>free and freely accessible journalistic guides and news. Namely<br \/>marked contributions reflect the opinion of the respective author and not always the opinion of the<br \/>provider. The mere calling up of the free and freely accessible content does not give rise to any<br \/>contractual relationship between the user and the provider is established, in this respect there is no<br \/>The provider&#8217;s intention to be legally bound.<\/p><p><strong>\u00a7 2 External links<\/strong><br \/>This website contains links to third-party websites (&#8222;external links&#8220;). These websites are subject to the<br \/>Liability of the respective operators. When the external links were first linked, the provider checked the<br \/>We checked the external content for possible legal violations. At the time, there were no<br \/>legal violations are evident. The provider has no influence whatsoever on the current and future design<br \/>and to the contents of the linked pages. The inclusion of external links does not mean that the<br \/>provider adopts the content behind the reference or link as its own. A constant control of the<br \/>external links is not reasonable for the provider without concrete evidence of legal violations. With<br \/>However, if we become aware of legal violations, such external links will be deleted immediately.<\/p><p><strong>\u00a7 3 Copyrights and ancillary copyrights<\/strong><br \/>The content published on this website is subject to German copyright and trademark law.<br \/>Ancillary copyright. Any use not permitted by German copyright and ancillary copyright law<br \/>Any use requires the prior written consent of the provider or the respective rights holder.<br \/>This applies in particular to duplication, editing, translation, storage, processing or reproduction of the content.<br \/>Reproduction of content in databases or other electronic media and systems. Contents and<br \/>Third-party rights are marked as such. The unauthorized reproduction or distribution<br \/>of individual contents or complete pages is not permitted and is punishable by law. Only the production of<br \/>Copies and downloads for personal, private and non-commercial use are permitted.<br \/>The presentation of this website in external frames is only permitted with written permission.<\/p><p><strong>\u00a7 4 Special terms of use<\/strong><br \/>Insofar as special conditions for individual uses of this website are stipulated by the<br \/>above, is expressly stated at the appropriate point in the text.<br \/>pointed out. In this case, the following shall apply in each individual case<br \/>special terms of use.<\/p><p>Source:\u00a0<a href=\"https:\/\/www.juraforum.de\/impressum-generator\/\">read here<\/a><\/p>\t\t\t\t\t\t\t\t<\/div>\n\t\t\t\t<\/div>\n\t\t\t\t<div class=\"elementor-element elementor-element-9a36830 elementor-widget elementor-widget-text-editor\" data-id=\"9a36830\" data-element_type=\"widget\" data-e-type=\"widget\" data-no-translation=\"\" data-widget_type=\"text-editor.default\">\n\t\t\t\t<div class=\"elementor-widget-container\">\n\t\t\t\t\t<style>.elementor-element-9a36830{display:none !important}<\/style>\t\t\t\t<\/div>\n\t\t\t\t<\/div>\n\t\t\t\t<div class=\"elementor-element elementor-element-3a25210 elementor-widget elementor-widget-text-editor\" data-id=\"3a25210\" data-element_type=\"widget\" data-e-type=\"widget\" data-no-translation=\"\" data-widget_type=\"text-editor.default\">\n\t\t\t\t<div class=\"elementor-widget-container\">\n\t\t\t\t\t<style>.elementor-element-3a25210{display:none !important}<\/style>\t\t\t\t<\/div>\n\t\t\t\t<\/div>\n\t\t\t\t\t<\/div>\n\t\t\t\t<\/div>\n\t\t\t\t<\/div>","protected":false},"excerpt":{"rendered":"<p>Impressum myBotanika Krystian Kalinowski and Frank Bonk GbR.Krummenhagener Str.20a18442 Steinhagen Telefon: 01702411180E-Mail: info@mybotanika.de Vertreten durch:Krystian Kalinowski und Frank Bonk Hinweis gem\u00e4\u00df Online-Streitbeilegungs-VerordnungNach geltendem Recht sind wir verpflichtet, Verbraucher auf die Existenz der Europ\u00e4ischenOnline-Streitbeilegungs-Plattform hinzuweisen, die fu\u0308r die Beilegung von Streitigkeiten genutzt werdenkann, ohne dass ein Gericht eingeschaltet werden muss. Fu\u0308r die Einrichtung der Plattform ist dieEurop\u00e4ische Kommission zust\u00e4ndig. Die Europ\u00e4ische Online-Streitbeilegungs-Plattform ist hier zu finden:http:\/\/ec.europa.eu\/odr. Unsere E-Mail lautet: info@mybotanika.de Wir weisen aber darauf hin, dass wir nicht bereit sind, uns am Streitbeilegungsverfahren im Rahmen derEurop\u00e4ischen Online-Streitbeilegungs-Plattform zu beteiligen. Nutzen Sie zur Kontaktaufnahme bitteunsere obige E-Mail und Telefonnummer. Hinweis gem\u00e4\u00df Verbraucherstreitbeilegungsgesetz (VSBG)Wir sind nicht bereit und verpflichtet, an Streitbeilegungsverfahren vor einer Verbraucherschlichtungsstelleteilzunehmen. Disclaimer \u2013 rechtliche Hinweise\u00a7 1 Warnhinweis zu InhaltenDie kostenlosen und frei zug\u00e4nglichen Inhalte dieser Webseite wurden mit gr\u00f6\u00dftm\u00f6glicher Sorgfalt erstellt.Der Anbieter dieser Webseite u\u0308bernimmt jedoch keine Gew\u00e4hr fu\u0308r die Richtigkeit und Aktualit\u00e4t derbereitgestellten kostenlosen und frei zug\u00e4nglichen journalistischen Ratgeber und Nachrichten. Namentlichgekennzeichnete Beitr\u00e4ge geben die Meinung des jeweiligen Autors und nicht immer die Meinung desAnbieters wieder. Allein durch den Aufruf der kostenlosen und frei zug\u00e4nglichen Inhalte kommt keinerleiVertragsverh\u00e4ltnis zwischen dem Nutzer und dem Anbieter zustande, insoweit fehlt es amRechtsbindungswillen des Anbieters. \u00a7 2 Externe LinksDiese Website enth\u00e4lt Verknu\u0308pfungen zu Websites Dritter (\u201eexterne Links\u201c). Diese Websites unterliegen derHaftung der jeweiligen Betreiber. Der Anbieter hat bei der erstmaligen Verknu\u0308pfung der externen Links diefremden Inhalte daraufhin u\u0308berpru\u0308ft, ob etwaige Rechtsverst\u00f6\u00dfe bestehen. Zu dem Zeitpunkt waren keineRechtsverst\u00f6\u00dfe ersichtlich. Der Anbieter hat keinerlei Einfluss auf die aktuelle und zuku\u0308nftige Gestaltungund auf die Inhalte der verknu\u0308pften Seiten. Das Setzen von externen Links bedeutet nicht, dass sich derAnbieter die hinter dem Verweis oder Link liegenden Inhalte zu Eigen macht. Eine st\u00e4ndige Kontrolle derexternen Links ist fu\u0308r den Anbieter ohne konkrete Hinweise auf Rechtsverst\u00f6\u00dfe nicht zumutbar. BeiKenntnis von Rechtsverst\u00f6\u00dfen werden jedoch derartige externe Links unverzu\u0308glich gel\u00f6scht. \u00a7 3 Urheber- und LeistungsschutzrechteDie auf dieser Website ver\u00f6ffentlichten Inhalte unterliegen dem deutschen Urheber- undLeistungsschutzrecht. Jede vom deutschen Urheber- und Leistungsschutzrecht nicht zugelasseneVerwertung bedarf der vorherigen schriftlichen Zustimmung des Anbieters oder jeweiligen Rechteinhabers.Dies gilt insbesondere fu\u0308r Vervielf\u00e4ltigung, Bearbeitung, \u00dcbersetzung, Einspeicherung, Verarbeitung bzw.Wiedergabe von Inhalten in Datenbanken oder anderen elektronischen Medien und Systemen. Inhalte undRechte Dritter sind dabei als solche gekennzeichnet. Die unerlaubte Vervielf\u00e4ltigung oder Weitergabeeinzelner Inhalte oder kompletter Seiten ist nicht gestattet und strafbar. Lediglich die Herstellung vonKopien und Downloads fu\u0308r den pers\u00f6nlichen, privaten und nicht kommerziellen Gebrauch ist erlaubt.Die Darstellung dieser Website in fremden Frames ist nur mit schriftlicher Erlaubnis zul\u00e4ssig. \u00a7 4 Besondere NutzungsbedingungenSoweit besondere Bedingungen fu\u0308r einzelne Nutzungen dieser Website von denvorgenannten Paragraphen abweichen, wird an entsprechender Stelle ausdru\u0308cklichdarauf hingewiesen. In diesem Falle gelten im jeweiligen Einzelfall diebesonderen Nutzungsbedingungen. Quelle:\u00a0hier lesen myBotanika Krystian Kalinowski and Frank Bonk GbR.Krummenhagener Str.20a18442 Steinhagen Phone: 01702411180E-mail: info@mybotanika.de Represented by:Krystian Kalinowski and Frank Bonk Note in accordance with the Online Dispute Resolution RegulationUnder applicable law, we are required to inform consumers of the existence of the Europeanonline dispute resolution platform, which can be used for the settlement of disputeswithout the need to involve a court. For the establishment of the platform, theEuropean Commission responsible. The European online dispute resolution platform can be found here:http:\/\/ec.europa.eu\/odr. Our e-mail is: info@mybotanika.de However, we would like to point out that we are not prepared to participate in dispute resolution proceedings under theEuropean online dispute resolution platform. To contact us, please useour e-mail and telephone number above. Notice pursuant to the German Consumer Dispute Resolution Act (VSBG)We are not willing or obliged to participate in dispute resolution proceedings before a consumer arbitration board.to participate. Disclaimer &#8211; legal information\u00a7 1 Content warningThe free and freely accessible content of this website has been created with the greatest possible care.However, the provider of this website assumes no responsibility for the accuracy and timeliness of thefree and freely accessible journalistic guides and news. Namelymarked contributions reflect the opinion of the respective author and not always the opinion of theprovider. The mere calling up of the free and freely accessible content does not give rise to anycontractual relationship between the user and the provider is established, in this respect there is noThe provider&#8217;s intention to be legally bound. \u00a7 2 External linksThis website contains links to third-party websites (&#8222;external links&#8220;). These websites are subject to theLiability of the respective operators. When the external links were first linked, the provider checked theWe checked the external content for possible legal violations. At the time, there were nolegal violations are evident. The provider has no influence whatsoever on the current and future designand to the contents of the linked pages. The inclusion of external links does not mean that theprovider adopts the content behind the reference or link as its own. A constant control of theexternal links is not reasonable for the provider without concrete evidence of legal violations. WithHowever, if we become aware of legal violations, such external links will be deleted immediately. \u00a7 3 Copyrights and ancillary copyrightsThe content published on this website is subject to German copyright and trademark law.Ancillary copyright. Any use not permitted by German copyright and ancillary copyright lawAny use requires the prior written consent of the provider or the respective rights holder.This applies in particular to duplication, editing, translation, storage, processing or reproduction of the content.Reproduction of content in databases or other electronic media and systems. Contents andThird-party rights are marked as such. The unauthorized reproduction or distributionof individual contents or complete pages is not permitted and is punishable by law. Only the production ofCopies and downloads for personal, private and non-commercial use are permitted.The presentation of this website in external frames is only permitted with written permission. \u00a7 4 Special terms of useInsofar as special conditions for individual uses of this website are stipulated by theabove, is expressly stated at the appropriate point in the text.pointed out. In this case, the following shall apply in each individual casespecial terms of use. Source:\u00a0read here myBotanika Krystian Kalinowski en Frank Bonk GbR.Krummenhagener Str.20a18442 Steinhagen Telefoon: 01702411180E-mail: info@mybotanika.de Vertegenwoordigd door:Krystian Kalinowski en Frank Bonk Kennisgeving in overeenstemming met de Online GeschillenbeslechtingsverordeningVolgens de toepasselijke wetgeving zijn we verplicht om consumenten te<\/p>","protected":false},"author":1,"featured_media":0,"parent":0,"menu_order":0,"comment_status":"closed","ping_status":"closed","template":"","meta":{"give_campaign_id":0,"footnotes":""},"class_list":["post-3107","page","type-page","status-publish","hentry"],"campaignId":"","_links":{"self":[{"href":"https:\/\/mybotanika.de\/en\/wp-json\/wp\/v2\/pages\/3107","targetHints":{"allow":["GET"]}}],"collection":[{"href":"https:\/\/mybotanika.de\/en\/wp-json\/wp\/v2\/pages"}],"about":[{"href":"https:\/\/mybotanika.de\/en\/wp-json\/wp\/v2\/types\/page"}],"author":[{"embeddable":true,"href":"https:\/\/mybotanika.de\/en\/wp-json\/wp\/v2\/users\/1"}],"replies":[{"embeddable":true,"href":"https:\/\/mybotanika.de\/en\/wp-json\/wp\/v2\/comments?post=3107"}],"version-history":[{"count":22,"href":"https:\/\/mybotanika.de\/en\/wp-json\/wp\/v2\/pages\/3107\/revisions"}],"predecessor-version":[{"id":4075,"href":"https:\/\/mybotanika.de\/en\/wp-json\/wp\/v2\/pages\/3107\/revisions\/4075"}],"wp:attachment":[{"href":"https:\/\/mybotanika.de\/en\/wp-json\/wp\/v2\/media?parent=3107"}],"curies":[{"name":"wp","href":"https:\/\/api.w.org\/{rel}","templated":true}]}}